{"id":1247,"date":"2019-11-22T16:28:12","date_gmt":"2019-11-22T19:28:12","guid":{"rendered":"https:\/\/toptoptoys.com\/tt\/?page_id=1247"},"modified":"2020-12-16T12:34:20","modified_gmt":"2020-12-16T15:34:20","slug":"inventor-juegos","status":"publish","type":"page","link":"https:\/\/www.toptoys.com.ar\/tt\/inventor-juegos\/","title":{"rendered":"&iquest;Sos Inventor de Juegos de Mesa?"},"content":{"rendered":"<p>[et_pb_section fb_built=&#8221;1&#8243; admin_label=&#8221;section&#8221; _builder_version=&#8221;3.22&#8243;][et_pb_row admin_label=&#8221;row&#8221; _builder_version=&#8221;3.25&#8243; background_size=&#8221;initial&#8221; background_position=&#8221;top_left&#8221; background_repeat=&#8221;repeat&#8221;][et_pb_column type=&#8221;4_4&#8243; _builder_version=&#8221;3.25&#8243; custom_padding=&#8221;|||&#8221; custom_padding__hover=&#8221;|||&#8221;][et_pb_code admin_label=&#8221;Code-game&#8221;]<\/p>\n<h2 class=\"tt_page_main_header\">\u00bfSos Inventor de Juegos?<\/h2>\n<pee>\u00bfHas creado un nuevo juego? \u00bfEst\u00e1 completo? \u00bfCont\u00e1s con un prototipo? \u00a1Nos encantar\u00eda verlo! Por favor, asegurate de contar con un documento descriptivo del juego en formato <strong>PDF<\/strong> y complet\u00e1 el siguiente formulario con toda la informaci\u00f3n que podr\u00eda ayudarnos a entender en lo que has estado trabajando. \u00a1Gracias por compartir!<\/pee> \n<div class=\"wpcf7 no-js\" id=\"wpcf7-f1246-o1\" lang=\"en-US\" dir=\"ltr\" data-wpcf7-id=\"1246\">\n<div class=\"screen-reader-response\"><p role=\"status\" aria-live=\"polite\" aria-atomic=\"true\"><\/p> <ul><\/ul><\/div>\n<form action=\"\/tt\/wp-json\/wp\/v2\/pages\/1247#wpcf7-f1246-o1\" method=\"post\" class=\"wpcf7-form init\" aria-label=\"Contact form\" enctype=\"multipart\/form-data\" novalidate=\"novalidate\" data-status=\"init\">\n<fieldset class=\"hidden-fields-container\"><input type=\"hidden\" name=\"_wpcf7\" value=\"1246\" \/><input type=\"hidden\" name=\"_wpcf7_version\" value=\"6.1.5\" \/><input type=\"hidden\" name=\"_wpcf7_locale\" value=\"en_US\" \/><input type=\"hidden\" name=\"_wpcf7_unit_tag\" value=\"wpcf7-f1246-o1\" \/><input type=\"hidden\" name=\"_wpcf7_container_post\" value=\"0\" \/><input type=\"hidden\" name=\"_wpcf7_posted_data_hash\" value=\"\" \/><input type=\"hidden\" name=\"_wpcf7_recaptcha_response\" value=\"\" \/>\n<\/fieldset>\n<h3>Acerca del juego\n<\/h3>\n<p><label>&iquest;Cu&aacute;l es el nombre del juego?<br \/>\n<span class=\"wpcf7-form-control-wrap\" data-name=\"text-game\"><input size=\"40\" maxlength=\"400\" class=\"wpcf7-form-control wpcf7-text wpcf7-validates-as-required\" aria-required=\"true\" aria-invalid=\"false\" placeholder=\"T&iacute;tulo del juego\" value=\"\" type=\"text\" name=\"text-game\" \/><\/span><\/label>\n<\/p>\n<p><label>&iquest;De qu&eacute; trata? Contanos un poco sobre el juego<br \/>\n<span class=\"wpcf7-form-control-wrap\" data-name=\"textarea-game\"><textarea cols=\"40\" rows=\"10\" maxlength=\"2000\" class=\"wpcf7-form-control wpcf7-textarea wpcf7-validates-as-required\" aria-required=\"true\" aria-invalid=\"false\" name=\"textarea-game\"><\/textarea><\/span><\/label>\n<\/p>\n<h4>Video\n<\/h4>\n<p><label>&iquest;Alg&uacute;n video sobre el juego en Youtube, Vimeo o cualquier otra plataforma web? &iexcl;Compart&iacute; el enlace! (Opcional)<br \/>\n<span class=\"wpcf7-form-control-wrap\" data-name=\"text-game-url\"><input size=\"40\" maxlength=\"400\" class=\"wpcf7-form-control wpcf7-text\" aria-invalid=\"false\" value=\"\" type=\"text\" name=\"text-game-url\" \/><\/span><\/label>\n<\/p>\n<h4>Documentaci&oacute;n\n<\/h4>\n<p><label>Seleccion&aacute; el documento del juego (debe ser en formato PDF de hasta 1MB)<br \/>\n<span class=\"wpcf7-form-control-wrap\" data-name=\"file-game\"><input size=\"40\" class=\"wpcf7-form-control wpcf7-file wpcf7-validates-as-required\" accept=\".pdf\" aria-required=\"true\" aria-invalid=\"false\" type=\"file\" name=\"file-game\" \/><\/span><\/label>\n<\/p>\n<h3>Acerca de t&iacute;\n<\/h3>\n<p><label> &iquest;Cu&aacute;l es tu nombre completo?<br \/>\n<span class=\"wpcf7-form-control-wrap\" data-name=\"your-name\"><input size=\"40\" maxlength=\"400\" class=\"wpcf7-form-control wpcf7-text wpcf7-validates-as-required\" aria-required=\"true\" aria-invalid=\"false\" value=\"\" type=\"text\" name=\"your-name\" \/><\/span> <\/label>\n<\/p>\n<p><label> &iquest;Cu&aacute;l es tu direcci&oacute;n de e-mail?<br \/>\n<span class=\"wpcf7-form-control-wrap\" data-name=\"your-email\"><input size=\"40\" maxlength=\"400\" class=\"wpcf7-form-control wpcf7-email wpcf7-validates-as-required wpcf7-text wpcf7-validates-as-email\" aria-required=\"true\" aria-invalid=\"false\" value=\"\" type=\"email\" name=\"your-email\" \/><\/span> <\/label>\n<\/p>\n<p><label> &iquest;Quer&eacute;s compartir con nosotros tu n&uacute;mero para WhatsApp? (Opcional)<br \/>\n<span class=\"wpcf7-form-control-wrap\" data-name=\"tel-game\"><input size=\"40\" maxlength=\"400\" class=\"wpcf7-form-control wpcf7-tel wpcf7-text wpcf7-validates-as-tel\" aria-invalid=\"false\" value=\"\" type=\"tel\" name=\"tel-game\" \/><\/span> <\/label>\n<\/p>\n<p><label>Contanos desde d&oacute;nde nos escrib&iacute;s (Opcional)<br \/>\n<span class=\"wpcf7-form-control-wrap\" data-name=\"text-location\"><input size=\"40\" maxlength=\"400\" class=\"wpcf7-form-control wpcf7-text\" aria-invalid=\"false\" placeholder=\"Ej.: Ushuaia, Tierra del Fuego\" value=\"\" type=\"text\" name=\"text-location\" \/><\/span><\/label>\n<\/p>\n<p><label> &iquest;Algo m&aacute;s que debamos saber sobre el juego o sobre t&iacute; mismo? (Opcional)<br \/>\n<span class=\"wpcf7-form-control-wrap\" data-name=\"your-message\"><textarea cols=\"40\" rows=\"10\" maxlength=\"2000\" class=\"wpcf7-form-control wpcf7-textarea\" aria-invalid=\"false\" name=\"your-message\"><\/textarea><\/span> <\/label>\n<\/p>\n<p><input class=\"wpcf7-form-control wpcf7-submit has-spinner\" type=\"submit\" value=\"Envi&aacute;\" \/>\n<\/p><div class=\"wpcf7-response-output\" aria-hidden=\"true\"><\/div>\n<\/form>\n<\/div>\n[\/et_pb_code][\/et_pb_column][\/et_pb_row][\/et_pb_section]<\/p>\n","protected":false},"excerpt":{"rendered":"<p>\u00bfSos Inventor de Juegos? \u00bfHas creado un nuevo juego? \u00bfEst\u00e1 completo? \u00bfCont\u00e1s con un prototipo? \u00a1Nos encantar\u00eda verlo! Por favor, asegurate de contar con un documento descriptivo del juego en formato PDF y complet\u00e1 el siguiente formulario con toda la informaci\u00f3n que podr\u00eda ayudarnos a entender en lo que has estado trabajando. \u00a1Gracias por compartir! [&hellip;]<\/p>\n","protected":false},"author":6,"featured_media":0,"parent":0,"menu_order":0,"comment_status":"closed","ping_status":"closed","template":"","meta":{"_et_pb_use_builder":"on","_et_pb_old_content":"","_et_gb_content_width":"","footnotes":""},"class_list":["post-1247","page","type-page","status-publish","hentry"],"_links":{"self":[{"href":"https:\/\/www.toptoys.com.ar\/tt\/wp-json\/wp\/v2\/pages\/1247","targetHints":{"allow":["GET"]}}],"collection":[{"href":"https:\/\/www.toptoys.com.ar\/tt\/wp-json\/wp\/v2\/pages"}],"about":[{"href":"https:\/\/www.toptoys.com.ar\/tt\/wp-json\/wp\/v2\/types\/page"}],"author":[{"embeddable":true,"href":"https:\/\/www.toptoys.com.ar\/tt\/wp-json\/wp\/v2\/users\/6"}],"replies":[{"embeddable":true,"href":"https:\/\/www.toptoys.com.ar\/tt\/wp-json\/wp\/v2\/comments?post=1247"}],"version-history":[{"count":7,"href":"https:\/\/www.toptoys.com.ar\/tt\/wp-json\/wp\/v2\/pages\/1247\/revisions"}],"predecessor-version":[{"id":1691,"href":"https:\/\/www.toptoys.com.ar\/tt\/wp-json\/wp\/v2\/pages\/1247\/revisions\/1691"}],"wp:attachment":[{"href":"https:\/\/www.toptoys.com.ar\/tt\/wp-json\/wp\/v2\/media?parent=1247"}],"curies":[{"name":"wp","href":"https:\/\/api.w.org\/{rel}","templated":true}]}}