{"id":1327,"date":"2020-03-19T20:21:10","date_gmt":"2020-03-19T23:21:10","guid":{"rendered":"https:\/\/toptoptoys.com\/tt\/?page_id=1327"},"modified":"2022-03-23T11:04:53","modified_gmt":"2022-03-23T14:04:53","slug":"descarga-juegos-gratis","status":"publish","type":"page","link":"https:\/\/www.toptoys.com.ar\/tt\/descarga-juegos-gratis\/","title":{"rendered":"Descarg\u00e1 Juegos Gratis"},"content":{"rendered":"<p>[et_pb_section fb_built=&#8221;1&#8243; custom_padding_last_edited=&#8221;on|desktop&#8221; admin_label=&#8221;section-downloadCentre&#8221; module_id=&#8221;downloadCentre&#8221; _builder_version=&#8221;3.22&#8243; custom_padding_tablet=&#8221;50px|0|50px|0&#8243; custom_padding_phone=&#8221;&#8221; transparent_background=&#8221;off&#8221; padding_mobile=&#8221;off&#8221; make_fullwidth=&#8221;off&#8221; use_custom_width=&#8221;off&#8221; width_unit=&#8221;on&#8221; global_colors_info=&#8221;{}&#8221;][et_pb_row padding_mobile=&#8221;off&#8221; column_padding_mobile=&#8221;on&#8221; admin_label=&#8221;row-packagesContainer&#8221; module_id=&#8221;packagesContainer&#8221; _builder_version=&#8221;3.25&#8243; background_size=&#8221;initial&#8221; background_position=&#8221;top_left&#8221; background_repeat=&#8221;repeat&#8221; make_fullwidth=&#8221;off&#8221; use_custom_width=&#8221;off&#8221; width_unit=&#8221;on&#8221; global_colors_info=&#8221;{}&#8221;][et_pb_column type=&#8221;4_4&#8243; _builder_version=&#8221;3.25&#8243; custom_padding=&#8221;|||&#8221; global_colors_info=&#8221;{}&#8221; custom_padding__hover=&#8221;|||&#8221;][et_pb_code admin_label=&#8221;Code&#8221; _builder_version=&#8221;4.14.8&#8243; hover_enabled=&#8221;0&#8243; global_colors_info=&#8221;{}&#8221; sticky_enabled=&#8221;0&#8243;]<\/p>\n<h2 class=\"tt_page_main_header\"><!-- [et_pb_line_break_holder] -->  Descarg\u00e1 Juegos Gratis<!-- [et_pb_line_break_holder] --><\/h2>\n<p><!-- [et_pb_line_break_holder] --><pee><!-- [et_pb_line_break_holder] -->  \u00a1Quedate en casa y jug\u00e1! Descarg\u00e1 juegos que podr\u00e1s imprimir, armar y jugar en familia\u2026 \u00a1Gratis!<!-- [et_pb_line_break_holder] --><\/pee><!-- [et_pb_line_break_holder] --><\/p>\n<div id=\"wpdmPackagesList\"><!-- [et_pb_line_break_holder] -->  <style>\n    .wpdmdt-toolbar {\n        padding: 10px;\n    }\n    .wpdmdt-toolbarb {\n        padding: 5px 10px 10px;\n    }\n    .wpdmdt-toolbar > div {\n        display: inline-block;\n    }\n    table,td,th{\n        border: 0;\n    }\n    #wpdm-all-packages .card{\n        overflow: hidden;\n    }\n    .dataTables_wrapper .table{\n        margin: 0;\n    }\n    #wpdmmydls-6ea0d55d780a9ce8888720d13bda1297{\n        border-bottom: 1px solid #dddddd;\n        border-top: 1px solid #dddddd;\n        font-size: 10pt;\n        min-width: 100%;\n    }\n    #wpdmmydls-6ea0d55d780a9ce8888720d13bda1297 .wpdm-download-link img{\n        box-shadow: none !important;\n        max-width: 100%;\n    }\n    .w3eden .pagination{\n        margin: 0 !important;\n    }\n    #wpdmmydls-6ea0d55d780a9ce8888720d13bda1297 td:not(:first-child){\n        vertical-align: middle !important;\n    }\n    #wpdmmydls-6ea0d55d780a9ce8888720d13bda1297 td.__dt_col_download_link .btn{\n        display: flex;\n        width: 100%;\n    }\n    #wpdmmydls-6ea0d55d780a9ce8888720d13bda1297 td.__dt_col_download_link,\n    #wpdmmydls-6ea0d55d780a9ce8888720d13bda1297 th#download_link{\n        max-width: 155px !important;\n        width: 155px;\n\n    }\n    #wpdmmydls-6ea0d55d780a9ce8888720d13bda1297 th{\n        background-color: rgba(0,0,0,0.04);\n        border-bottom: 1px solid rgba(0,0,0,0.025);\n    }\n    #wpdmmydls-6ea0d55d780a9ce8888720d13bda1297_length label,\n    #wpdmmydls-6ea0d55d780a9ce8888720d13bda1297_filter label{\n        font-weight: 400;\n    }\n    #wpdmmydls-6ea0d55d780a9ce8888720d13bda1297_filter input[type=search]{\n        display: inline-block;\n        width: 200px;\n    }\n    #wpdmmydls-6ea0d55d780a9ce8888720d13bda1297_length select{\n        display: inline-block;\n        width: 60px;\n    }\n\n    #wpdmmydls-6ea0d55d780a9ce8888720d13bda1297 .package-title{\n        color:#36597C;\n        font-size: 11pt;\n        font-weight: 700;\n    }\n    #wpdmmydls-6ea0d55d780a9ce8888720d13bda1297 .small-txt{\n        margin-right: 7px;\n    }\n    #wpdmmydls-6ea0d55d780a9ce8888720d13bda1297 td{\n        min-width: 150px;\n    }\n\n    #wpdmmydls-6ea0d55d780a9ce8888720d13bda1297 td.__dt_col_categories{\n        max-width: 300px;\n    }\n\n    #wpdmmydls-6ea0d55d780a9ce8888720d13bda1297 .small-txt,\n    #wpdmmydls-6ea0d55d780a9ce8888720d13bda1297 small{\n        font-size: 9pt;\n    }\n    .w3eden .table-striped tbody tr:nth-of-type(2n+1) {\n        background-color: rgba(0,0,0,0.015);\n    }\n    .dataTables_wrapper .dataTables_paginate .paginate_button:active,\n    .dataTables_wrapper .dataTables_paginate .paginate_button:focus,\n    .dataTables_wrapper .dataTables_paginate .paginate_button:hover,\n    .dataTables_wrapper .dataTables_paginate .paginate_button{\n        margin: 0 !important;\n        padding: 0 !important;\n        border: 0 !important;\n        background: transparent !important;\n    }\n\n\n    @media (max-width: 799px) {\n        #wpdmmydls-6ea0d55d780a9ce8888720d13bda1297 tr {\n            display: block;\n            border: 3px solid rgba(0,0,0,0.3) !important;\n            margin-bottom: 10px !important;\n            position: relative;\n        }\n        #wpdmmydls-6ea0d55d780a9ce8888720d13bda1297 thead{\n            display: none;\n        }\n        #wpdmmydls-6ea0d55d780a9ce8888720d13bda1297,\n        #wpdmmydls-6ea0d55d780a9ce8888720d13bda1297 td:first-child {\n            border: 0 !important;\n        }\n        #wpdmmydls-6ea0d55d780a9ce8888720d13bda1297 td {\n            display: block;\n        }\n        #wpdmmydls-6ea0d55d780a9ce8888720d13bda1297 td.__dt_col_download_link {\n            display: block;\n            max-width: 100% !important;\n            width: auto !important;\n\n        }\n    }\n\n\n<\/style>\n<div class=\"w3eden\">\n    <div id=\"wpdm-all-packages\">\n        <table id=\"wpdmmydls-6ea0d55d780a9ce8888720d13bda1297\" class=\"table table-striped wpdm-all-packages-table\">\n            <thead>\n            <tr>\n                                <th style=\"\"  id=\"pagelink\" class=\"\">T\u00edtulo<\/th>\n                                <th style=\"\"  id=\"categories\" class=\"hidden-sm hidden-xs\">Categor\u00edas<\/th>\n                                <th style=\"\"  id=\"publishdate\" class=\"hidden-sm hidden-xs\">Publicado<\/th>\n                                <th style=\"\"  id=\"downloadlink\" class=\"hidden-sm hidden-xs\">Descargar<\/th>\n                \n            <\/tr>\n            <\/thead>\n            <tbody>\n            \n                    <tr class=\"__dt_row\">\n                                                <td  class=\"__dt_col_0 __dt_col __dt_col_page_link\" style=\"background-image: url('https:\/\/toptoptoys.com\/tt\/wp-content\/plugins\/download-manager\/assets\/file-type-icons\/zip.svg');background-size: 36px;background-position: 5px 8px;background-repeat:  no-repeat;padding-left: 52px;line-height: normal;\">\n                            <a class=\"package-title\" href='https:\/\/www.toptoys.com.ar\/tt\/download\/dobble-demo-set-y-actividades\/'>Dobble Demo Set y Actividades<\/a><br\/><span class='__dt_package_size small-txt'>7.88MB<\/span><span class='__dt_download_count small-txt'><i class=\"far fa-arrow-alt-circle-down\"><\/i> 3158 downloads<\/span><div class=\"hidden-md hidden-lg td-mobile\"><\/div>\n\n                        <\/td>\n                                                <td  class=\"__dt_col_1 __dt_col __dt_col_categories\" >\n                            <span class='__dt_categories '><a class='sbyc' href='https:\/\/www.toptoys.com.ar\/tt\/descarga-juegos-gratis\/?tax%5Bwpdmcategory%5D=juegos-de-cartas'>Juegos de Cartas<\/a>, <a class='sbyc' href='https:\/\/www.toptoys.com.ar\/tt\/descarga-juegos-gratis\/?tax%5Bwpdmcategory%5D=juegos-gratis'>Juegos Gratis<\/a><\/span>\n\n                        <\/td>\n                                                <td  data-order=\"1586390400\"  class=\"__dt_col_2 __dt_col __dt_col_publish_date\" >\n                            <span class='__dt_publish_date '>9 abril, 2020<\/span>\n\n                        <\/td>\n                                                <td  class=\"__dt_col_3 __dt_col __dt_col_download_link\" >\n                            <a class='wpdm-download-link download-on-click btn btn-primary ' rel='nofollow' href='#' data-downloadurl=\"https:\/\/www.toptoys.com.ar\/tt\/download\/dobble-demo-set-y-actividades\/?wpdmdl=1375&refresh=6a090fef1e12c1778978799\">Descarg\u00e1<\/a>\n\n                        <\/td>\n                        \n                    <\/tr>\n                \n                    <tr class=\"__dt_row\">\n                                                <td  class=\"__dt_col_0 __dt_col __dt_col_page_link\" style=\"background-image: url('https:\/\/toptoptoys.com\/tt\/wp-content\/plugins\/download-manager\/assets\/file-type-icons\/zip.svg');background-size: 36px;background-position: 5px 8px;background-repeat:  no-repeat;padding-left: 52px;line-height: normal;\">\n                            <a class=\"package-title\" href='https:\/\/www.toptoys.com.ar\/tt\/download\/a-quien-elijo-animales-set-completo\/'>\u00bfA Qui\u00e9n Elijo? Animales Set Completo<\/a><br\/><span class='__dt_package_size small-txt'>4.95 MB<\/span><span class='__dt_download_count small-txt'><i class=\"far fa-arrow-alt-circle-down\"><\/i> 1353 downloads<\/span><div class=\"hidden-md hidden-lg td-mobile\"><\/div>\n\n                        <\/td>\n                                                <td  class=\"__dt_col_1 __dt_col __dt_col_categories\" >\n                            <span class='__dt_categories '><a class='sbyc' href='https:\/\/www.toptoys.com.ar\/tt\/descarga-juegos-gratis\/?tax%5Bwpdmcategory%5D=juegos-gratis'>Juegos Gratis<\/a>, <a class='sbyc' href='https:\/\/www.toptoys.com.ar\/tt\/descarga-juegos-gratis\/?tax%5Bwpdmcategory%5D=juegos-infantiles'>Juegos Infantiles<\/a><\/span>\n\n                        <\/td>\n                                                <td  data-order=\"1585008000\"  class=\"__dt_col_2 __dt_col __dt_col_publish_date\" >\n                            <span class='__dt_publish_date '>24 marzo, 2020<\/span>\n\n                        <\/td>\n                                                <td  class=\"__dt_col_3 __dt_col __dt_col_download_link\" >\n                            <a class='wpdm-download-link download-on-click btn btn-primary ' rel='nofollow' href='#' data-downloadurl=\"https:\/\/www.toptoys.com.ar\/tt\/download\/a-quien-elijo-animales-set-completo\/?wpdmdl=1369&refresh=6a090fef25eec1778978799\">Descarg\u00e1<\/a>\n\n                        <\/td>\n                        \n                    <\/tr>\n                \n                    <tr class=\"__dt_row\">\n                                                <td  class=\"__dt_col_0 __dt_col __dt_col_page_link\" style=\"background-image: url('https:\/\/toptoptoys.com\/tt\/wp-content\/plugins\/download-manager\/assets\/file-type-icons\/zip.svg');background-size: 36px;background-position: 5px 8px;background-repeat:  no-repeat;padding-left: 52px;line-height: normal;\">\n                            <a class=\"package-title\" href='https:\/\/www.toptoys.com.ar\/tt\/download\/memorrido-juego-de-memoria-set-completo\/'>Memorrido Juego de Memoria Set Completo<\/a><br\/><span class='__dt_package_size small-txt'>1.24 MB<\/span><span class='__dt_download_count small-txt'><i class=\"far fa-arrow-alt-circle-down\"><\/i> 1075 downloads<\/span><div class=\"hidden-md hidden-lg td-mobile\"><\/div>\n\n                        <\/td>\n                                                <td  class=\"__dt_col_1 __dt_col __dt_col_categories\" >\n                            <span class='__dt_categories '><a class='sbyc' href='https:\/\/www.toptoys.com.ar\/tt\/descarga-juegos-gratis\/?tax%5Bwpdmcategory%5D=juegos-gratis'>Juegos Gratis<\/a>, <a class='sbyc' href='https:\/\/www.toptoys.com.ar\/tt\/descarga-juegos-gratis\/?tax%5Bwpdmcategory%5D=juegos-infantiles'>Juegos Infantiles<\/a><\/span>\n\n                        <\/td>\n                                                <td  data-order=\"1584748800\"  class=\"__dt_col_2 __dt_col __dt_col_publish_date\" >\n                            <span class='__dt_publish_date '>21 marzo, 2020<\/span>\n\n                        <\/td>\n                                                <td  class=\"__dt_col_3 __dt_col __dt_col_download_link\" >\n                            <a class='wpdm-download-link download-on-click btn btn-primary ' rel='nofollow' href='#' data-downloadurl=\"https:\/\/www.toptoys.com.ar\/tt\/download\/memorrido-juego-de-memoria-set-completo\/?wpdmdl=1361&refresh=6a090fef2f4441778978799\">Descarg\u00e1<\/a>\n\n                        <\/td>\n                        \n                    <\/tr>\n                \n                    <tr class=\"__dt_row\">\n                                                <td  class=\"__dt_col_0 __dt_col __dt_col_page_link\" style=\"background-image: url('https:\/\/toptoptoys.com\/tt\/wp-content\/plugins\/download-manager\/assets\/file-type-icons\/zip.svg');background-size: 36px;background-position: 5px 8px;background-repeat:  no-repeat;padding-left: 52px;line-height: normal;\">\n                            <a class=\"package-title\" href='https:\/\/www.toptoys.com.ar\/tt\/download\/topgram-letras-numeros-set-completo\/'>Topgram Letras y N\u00fameros Set Completo<\/a><br\/><span class='__dt_package_size small-txt'>332.29 KB<\/span><span class='__dt_download_count small-txt'><i class=\"far fa-arrow-alt-circle-down\"><\/i> 888 downloads<\/span><div class=\"hidden-md hidden-lg td-mobile\"><\/div>\n\n                        <\/td>\n                                                <td  class=\"__dt_col_1 __dt_col __dt_col_categories\" >\n                            <span class='__dt_categories '><a class='sbyc' href='https:\/\/www.toptoys.com.ar\/tt\/descarga-juegos-gratis\/?tax%5Bwpdmcategory%5D=juegos-de-ingenio'>Juegos de Ingenio<\/a>, <a class='sbyc' href='https:\/\/www.toptoys.com.ar\/tt\/descarga-juegos-gratis\/?tax%5Bwpdmcategory%5D=juegos-gratis'>Juegos Gratis<\/a><\/span>\n\n                        <\/td>\n                                                <td  data-order=\"1584576000\"  class=\"__dt_col_2 __dt_col __dt_col_publish_date\" >\n                            <span class='__dt_publish_date '>19 marzo, 2020<\/span>\n\n                        <\/td>\n                                                <td  class=\"__dt_col_3 __dt_col __dt_col_download_link\" >\n                            <a class='wpdm-download-link download-on-click btn btn-primary ' rel='nofollow' href='#' data-downloadurl=\"https:\/\/www.toptoys.com.ar\/tt\/download\/topgram-letras-numeros-set-completo\/?wpdmdl=1334&refresh=6a090fef3d2c71778978799\">Descarg\u00e1<\/a>\n\n                        <\/td>\n                        \n                    <\/tr>\n                                        <\/tbody>\n        <\/table>\n\n        <div class='text-center'><ul class='pagination wpdm-pagination pagination-centered text-center'><\/ul><\/div>\n    <\/div>\n<\/div>\n<!-- [et_pb_line_break_holder] --><\/div>\n<p>[\/et_pb_code][\/et_pb_column][\/et_pb_row][\/et_pb_section]<\/p>\n","protected":false},"excerpt":{"rendered":"<p>Listado de juegos e imprimibles TOP TOYS para descargar y jugar en casa.<\/p>\n","protected":false},"author":6,"featured_media":0,"parent":0,"menu_order":0,"comment_status":"closed","ping_status":"closed","template":"","meta":{"_et_pb_use_builder":"on","_et_pb_old_content":"","_et_gb_content_width":"","footnotes":""},"class_list":["post-1327","page","type-page","status-publish","hentry"],"_links":{"self":[{"href":"https:\/\/www.toptoys.com.ar\/tt\/wp-json\/wp\/v2\/pages\/1327","targetHints":{"allow":["GET"]}}],"collection":[{"href":"https:\/\/www.toptoys.com.ar\/tt\/wp-json\/wp\/v2\/pages"}],"about":[{"href":"https:\/\/www.toptoys.com.ar\/tt\/wp-json\/wp\/v2\/types\/page"}],"author":[{"embeddable":true,"href":"https:\/\/www.toptoys.com.ar\/tt\/wp-json\/wp\/v2\/users\/6"}],"replies":[{"embeddable":true,"href":"https:\/\/www.toptoys.com.ar\/tt\/wp-json\/wp\/v2\/comments?post=1327"}],"version-history":[{"count":26,"href":"https:\/\/www.toptoys.com.ar\/tt\/wp-json\/wp\/v2\/pages\/1327\/revisions"}],"predecessor-version":[{"id":3927,"href":"https:\/\/www.toptoys.com.ar\/tt\/wp-json\/wp\/v2\/pages\/1327\/revisions\/3927"}],"wp:attachment":[{"href":"https:\/\/www.toptoys.com.ar\/tt\/wp-json\/wp\/v2\/media?parent=1327"}],"curies":[{"name":"wp","href":"https:\/\/api.w.org\/{rel}","templated":true}]}}