{"id":1338,"date":"2020-03-19T20:56:37","date_gmt":"2020-03-19T23:56:37","guid":{"rendered":"https:\/\/toptoptoys.com\/tt\/?page_id=1338"},"modified":"2023-12-12T11:49:35","modified_gmt":"2023-12-12T14:49:35","slug":"quedate-en-casa-y-juga","status":"publish","type":"page","link":"https:\/\/www.toptoys.com.ar\/tt\/quedate-en-casa-y-juga\/","title":{"rendered":"\u00a1Quedate en Casa y Jug\u00e1!"},"content":{"rendered":"<p>[et_pb_section fb_built=&#8221;1&#8243; custom_padding_last_edited=&#8221;on|desktop&#8221; admin_label=&#8221;section-homePlaySafe&#8221; module_id=&#8221;homePlaySafe&#8221; _builder_version=&#8221;4.16&#8243; custom_padding_tablet=&#8221;50px|0|50px|0&#8243; transparent_background=&#8221;off&#8221; padding_mobile=&#8221;off&#8221; make_fullwidth=&#8221;off&#8221; use_custom_width=&#8221;off&#8221; width_unit=&#8221;on&#8221; global_colors_info=&#8221;{}&#8221; custom_padding_phone=&#8221;50px|0|50px|0&#8243;][et_pb_row padding_mobile=&#8221;off&#8221; column_padding_mobile=&#8221;on&#8221; admin_label=&#8221;row-homePlaySafeIntro&#8221; module_id=&#8221;homePlaySafeIntro&#8221; _builder_version=&#8221;4.16&#8243; background_size=&#8221;initial&#8221; background_position=&#8221;top_left&#8221; background_repeat=&#8221;repeat&#8221; make_fullwidth=&#8221;off&#8221; use_custom_width=&#8221;off&#8221; width_unit=&#8221;on&#8221; global_colors_info=&#8221;{}&#8221;][et_pb_column type=&#8221;4_4&#8243; _builder_version=&#8221;4.16&#8243; custom_padding=&#8221;|||&#8221; global_colors_info=&#8221;{}&#8221; custom_padding__hover=&#8221;|||&#8221;][et_pb_code admin_label=&#8221;Code-homePlaySafeIntro&#8221; _builder_version=&#8221;4.23.1&#8243; hover_enabled=&#8221;0&#8243; global_colors_info=&#8221;{}&#8221; sticky_enabled=&#8221;0&#8243;]<\/p>\n<h2 class=\"tt_page_main_header\">Quedate en casa y jug\u00e1\u2026 \u00a1Gratis!<\/h2>\n<pee class=\"tt_page_regular_text\">Descarg\u00e1, imprim\u00ed y jug\u00e1 seguro en casa.<\/pee>[\/et_pb_code][\/et_pb_column][\/et_pb_row][et_pb_row padding_mobile=&#8221;off&#8221; column_padding_mobile=&#8221;on&#8221; admin_label=&#8221;Row-homePlaySafeInfo&#8221; module_id=&#8221;homePlaySafeInfo&#8221; _builder_version=&#8221;4.16&#8243; background_size=&#8221;initial&#8221; background_position=&#8221;top_left&#8221; background_repeat=&#8221;repeat&#8221; make_fullwidth=&#8221;off&#8221; use_custom_width=&#8221;off&#8221; width_unit=&#8221;on&#8221; global_colors_info=&#8221;{}&#8221; column_structure=&#8221;1_2,1_2&#8243;][et_pb_column type=&#8221;1_2&#8243; _builder_version=&#8221;4.16&#8243; custom_padding=&#8221;|||&#8221; global_colors_info=&#8221;{}&#8221; custom_padding__hover=&#8221;|||&#8221;][et_pb_code admin_label=&#8221;Code-homePlaySafeInfo&#8221; _builder_version=&#8221;4.23.1&#8243; hover_enabled=&#8221;0&#8243; global_colors_info=&#8221;{}&#8221; sticky_enabled=&#8221;0&#8243;]<\/p>\n<h1 class=\"entry-title\">Demo Set de Dobble y Actividades Extras<\/h1>\n<pee class=\"tt_page_regular_text\">Hoy te ofrecemos un demo set de Dobble, el juego de observaci\u00f3n, velocidad y reflejos, conjuntamente con actividades extras para divertirte en casa y as\u00ed deb\u00e9s hacer para preparar tu juego:<\/pee>\n<ol class=\"home_play_safe_list\">\n<li>Descarg\u00e1 y descomprim\u00ed el archivo zip que contiene las cartas de Dobble y el imprimible de las actividades adicionales. Son 2 archivos PDF en total.<\/li>\n<li>Recort\u00e1 y peg\u00e1 las cartas, unas con otras (cada frente de figuras con fondo tem\u00e1tico Dobble).<\/li>\n<\/ol>\n<div class=\"home_play_featured\"><div class='w3eden'><!-- WPDM Link Template: Default Template -->\n\n<div class=\"link-template-default card mb-2\">\n    <div class=\"card-body\">\n        <div class=\"media\">\n            <div class=\"mr-3 img-48\"><img decoding=\"async\" class=\"wpdm_icon\" alt=\"Icon\"   src=\"https:\/\/toptoptoys.com\/tt\/wp-content\/plugins\/download-manager\/assets\/file-type-icons\/zip.svg\" \/><\/div>\n            <div class=\"media-body\">\n                <h3 class=\"package-title\"><a href='https:\/\/www.toptoys.com.ar\/tt\/download\/dobble-demo-set-y-actividades\/'>Dobble Demo Set y Actividades<\/a><\/h3>\n                <div class=\"text-muted text-small\"><i class=\"fas fa-copy\"><\/i> 1 file(s) <i class=\"fas fa-hdd ml-3\"><\/i> 7.88MB<\/div>\n            <\/div>\n            <div class=\"ml-3\">\n                <a class='wpdm-download-link download-on-click btn btn-primary ' rel='nofollow' href='#' data-downloadurl=\"https:\/\/www.toptoys.com.ar\/tt\/download\/dobble-demo-set-y-actividades\/?wpdmdl=1375&refresh=6a09032b8bd971778975531\">Descarg\u00e1<\/a>\n            <\/div>\n        <\/div>\n    <\/div>\n<\/div>\n\n<\/div><\/div>\n<pee class=\"tt_page_regular_text\">Quedate en casa y divertite jugando Dobble\u2026 \u00a1Gratis! Compart\u00ed los momentos de juego usando <strong>#ConTopToysEnCasa<\/strong> y <strong>#QuedateEnCasaYJuga<\/strong>.<\/pee><pee class=\"tt_page_regular_text\">\u00bfM\u00e1s juegos para descargar? <a href=\"\/tt\/descarga-juegos-gratis\/\">Descarg\u00e1 Juegos Gratis<\/a>.<\/pee>[\/et_pb_code][\/et_pb_column][et_pb_column type=&#8221;1_2&#8243; _builder_version=&#8221;4.16&#8243; custom_padding=&#8221;|||&#8221; global_colors_info=&#8221;{}&#8221; custom_padding__hover=&#8221;|||&#8221;][et_pb_image src=&#8221;https:\/\/www.toptoys.com.ar\/tt\/wp-content\/uploads\/2020\/04\/dobble_demoset_toptoys__761x570.jpg&#8221; alt=&#8221;Dobble Demo Set y Actividades Extras&#8221; title_text=&#8221;Dobble Demo Set&#8221; align=&#8221;center&#8221; align_tablet=&#8221;center&#8221; align_last_edited=&#8221;on|desktop&#8221; admin_label=&#8221;Image-homePlaySafeImage&#8221; _builder_version=&#8221;4.23.1&#8243; animation_style=&#8221;fade&#8221; animation_duration=&#8221;500ms&#8221; hover_enabled=&#8221;0&#8243; animation=&#8221;fade_in&#8221; sticky=&#8221;off&#8221; use_border_color=&#8221;off&#8221; border_color=&#8221;#ffffff&#8221; border_style=&#8221;solid&#8221; always_center_on_mobile=&#8221;on&#8221; global_colors_info=&#8221;{}&#8221; sticky_enabled=&#8221;0&#8243; align_phone=&#8221;center&#8221;]&nbsp;<br \/>\n[\/et_pb_image][\/et_pb_column][\/et_pb_row][\/et_pb_section]<\/p>\n","protected":false},"excerpt":{"rendered":"<p>Los imprimibles de TOP TOYS son ideales para el entretenimiento familiar en casa.<\/p>\n","protected":false},"author":6,"featured_media":0,"parent":0,"menu_order":0,"comment_status":"closed","ping_status":"closed","template":"","meta":{"_et_pb_use_builder":"on","_et_pb_old_content":"","_et_gb_content_width":"","footnotes":""},"class_list":["post-1338","page","type-page","status-publish","hentry"],"_links":{"self":[{"href":"https:\/\/www.toptoys.com.ar\/tt\/wp-json\/wp\/v2\/pages\/1338","targetHints":{"allow":["GET"]}}],"collection":[{"href":"https:\/\/www.toptoys.com.ar\/tt\/wp-json\/wp\/v2\/pages"}],"about":[{"href":"https:\/\/www.toptoys.com.ar\/tt\/wp-json\/wp\/v2\/types\/page"}],"author":[{"embeddable":true,"href":"https:\/\/www.toptoys.com.ar\/tt\/wp-json\/wp\/v2\/users\/6"}],"replies":[{"embeddable":true,"href":"https:\/\/www.toptoys.com.ar\/tt\/wp-json\/wp\/v2\/comments?post=1338"}],"version-history":[{"count":16,"href":"https:\/\/www.toptoys.com.ar\/tt\/wp-json\/wp\/v2\/pages\/1338\/revisions"}],"predecessor-version":[{"id":4483,"href":"https:\/\/www.toptoys.com.ar\/tt\/wp-json\/wp\/v2\/pages\/1338\/revisions\/4483"}],"wp:attachment":[{"href":"https:\/\/www.toptoys.com.ar\/tt\/wp-json\/wp\/v2\/media?parent=1338"}],"curies":[{"name":"wp","href":"https:\/\/api.w.org\/{rel}","templated":true}]}}